{"id":18,"date":"2021-02-15T09:58:22","date_gmt":"2021-02-15T08:58:22","guid":{"rendered":"http:\/\/blog.ristofast.com\/?page_id=18"},"modified":"2023-12-06T11:45:09","modified_gmt":"2023-12-06T10:45:09","slug":"ricette-ristofast","status":"publish","type":"page","link":"https:\/\/blog.ristofast.com\/it\/blog-ristofast-shop-online\/ricette-ristofast\/","title":{"rendered":"Ricette Ristofast"},"content":{"rendered":"\n<p>Ci piace pensare alla cucina come ad un tappeto volante sul quale salire e fare un viaggio fantastico fra le culture del mondo. Non c\u2019\u00e8 modo migliore per poter comprendere la storia di un popolo che entrare nelle cucine dei ristoranti o nelle dispense delle case. In effetti, in questi luoghi i sapori sono come il vento, viaggiano oltre i confini, si mescolano e si rinnovano. Nasce cos\u00ec la voglia di proporre alcune ricette tipiche italiane e, perch\u00e9 no? anche di paesi lontani per chef e ristoratori che vogliono sperimentare nuove specialit\u00e0. Segui le Ricette Ristofast!<br>Buon viaggio!<\/p>\n\n\n\n<blockquote class=\"wp-block-quote is-layout-flow wp-block-quote-is-layout-flow\">\n<p>Cucina non \u00e8 mangiare. \u00c8 molto, molto di pi\u00f9. Cucina \u00e8 poesia.<br>(Heinz Beck)<\/p>\n<\/blockquote>\n\n\n\n<h2 class=\"wp-block-heading\">Perch\u00e9 seguire le Ricette Ristofast?<\/h2>\n\n\n\n<p>Cucinare \u00e8 importante per diversi motivi che riguardano la salute, la socializzazione e la creativit\u00e0. Ecco alcuni motivi principali:<\/p>\n\n\n\n<h2 class=\"wp-block-heading\">Salute e nutrizione:<\/h2>\n\n\n\n<ol class=\"wp-block-list\">\n<li><strong>Controllo degli ingredienti<\/strong>: Cucinando in casa, si ha il controllo diretto sugli ingredienti utilizzati, consentendo di evitare conservanti, coloranti artificiali e eccesso di sale, zucchero o grassi poco salutari.<\/li>\n\n\n\n<li><strong>Scelte pi\u00f9 sane<\/strong>: Preparare i pasti consente di fare scelte pi\u00f9 consapevoli riguardo alle porzioni e agli alimenti, favorendo una dieta pi\u00f9 equilibrata e nutriente.<\/li>\n\n\n\n<li><strong>Miglior controllo delle allergie e intolleranze<\/strong>: Cucinando da soli, \u00e8 possibile evitare ingredienti a cui si \u00e8 allergici o che causano intolleranze.<\/li>\n<\/ol>\n\n\n\n<h2 class=\"wp-block-heading\">Socializzare e connettersi grazie alle Ricette Ristofast:<\/h2>\n\n\n\n<ol class=\"wp-block-list\">\n<li><strong>Momenti condivisi<\/strong>: Cucinare pu\u00f2 essere un&#8217;attivit\u00e0 sociale, coinvolgendo amici o familiari nella preparazione dei pasti, creando in questo modo momenti di connessione e condivisione.<\/li>\n\n\n\n<li><strong>Scambio culturale<\/strong>: Esplorare nuove ricette e piatti consente di scoprire culture diverse, promuovendo l&#8217;inclusione e dunque l&#8217;apprezzamento delle differenze culinarie.<\/li>\n<\/ol>\n\n\n\n<h2 class=\"wp-block-heading\">Benessere emotivo e creativit\u00e0:<\/h2>\n\n\n\n<ol class=\"wp-block-list\">\n<li><strong>Riduzione dello stress<\/strong>: Molti trovano la cucina rilassante e terapeutica, permettendo di concentrarsi sul momento presente e di distrarsi dagli stress quotidiani.<\/li>\n\n\n\n<li><strong>Espressione creativa<\/strong>: Cucinare offre la possibilit\u00e0 di esprimere la propria creativit\u00e0, sperimentando con ingredienti, tecniche e presentazioni dei piatti.<\/li>\n<\/ol>\n\n\n\n<h2 class=\"wp-block-heading\">Conclusione:<\/h2>\n\n\n\n<p>La cucina non \u00e8 solo una necessit\u00e0 pratica ma anche un&#8217;opportunit\u00e0 per migliorare la salute, connettersi con gli altri e infine nutrire la propria creativit\u00e0. Incorporare la cucina nella propria vita quotidiana pu\u00f2, per esempio, portare benefici significativi sia fisici che emotivi.<\/p>\n\n\n\n<p><\/p>\n\n\n\n<div class=\"wp-block-buttons is-layout-flex wp-block-buttons-is-layout-flex\">\n<div class=\"wp-block-button is-style-fill\"><a class=\"wp-block-button__link wp-element-button\" href=\"https:\/\/www.ristofast.com\">Visita il nostro shop!<\/a><\/div>\n\n\n\n<div class=\"wp-block-button is-style-fill\"><a class=\"wp-block-button__link wp-element-button\" href=\"https:\/\/blog.ristofast.com\/it\/forno-vapore-elettrico\/\">scopri le ricette<\/a><\/div>\n<\/div>\n","protected":false},"excerpt":{"rendered":"<p>Ci piace pensare alla cucina come ad un tappeto volante sul quale salire e fare un viaggio fantastico fra le culture del mondo. Non c\u2019\u00e8 modo migliore per poter comprendere la storia di un popolo che entrare nelle cucine dei ristoranti o nelle dispense delle case. In effetti, in questi luoghi i sapori sono come [&hellip;]<\/p>\n","protected":false},"author":2,"featured_media":1066,"parent":2,"menu_order":0,"comment_status":"closed","ping_status":"closed","template":"","meta":{"_acf_changed":false,"footnotes":""},"class_list":["post-18","page","type-page","status-publish","has-post-thumbnail","hentry"],"acf":[],"yoast_head":"<!-- This site is optimized with the Yoast SEO plugin v27.5 - https:\/\/yoast.com\/product\/yoast-seo-wordpress\/ -->\n<title>Ricette Ristofast per chef provenienti da tutto il mondo- Ristofast .com<\/title>\n<meta name=\"description\" content=\"Ricette Ristofast per chef. Trova ricette provenienti da tutto il mondo, e anche i classici della tradizione. Seguici su ristofast.com\" \/>\n<meta name=\"robots\" content=\"index, follow, max-snippet:-1, max-image-preview:large, max-video-preview:-1\" \/>\n<link rel=\"canonical\" href=\"https:\/\/blog.ristofast.com\/it\/blog-ristofast-shop-online\/ricette-ristofast\/\" \/>\n<meta property=\"og:locale\" content=\"it_IT\" \/>\n<meta property=\"og:type\" content=\"article\" \/>\n<meta property=\"og:title\" content=\"Ricette Ristofast per chef provenienti da tutto il mondo- Ristofast .com\" \/>\n<meta property=\"og:description\" content=\"Ricette Ristofast per chef. Trova ricette provenienti da tutto il mondo, e anche i classici della tradizione. Seguici su ristofast.com\" \/>\n<meta property=\"og:url\" content=\"https:\/\/blog.ristofast.com\/it\/blog-ristofast-shop-online\/ricette-ristofast\/\" \/>\n<meta property=\"og:site_name\" content=\"Ristofast\" \/>\n<meta property=\"article:modified_time\" content=\"2023-12-06T10:45:09+00:00\" \/>\n<meta property=\"og:image\" content=\"https:\/\/blog.ristofast.com\/wp-content\/uploads\/2023\/04\/shutterstock_1747725734.jpg\" \/>\n\t<meta property=\"og:image:width\" content=\"900\" \/>\n\t<meta property=\"og:image:height\" content=\"900\" \/>\n\t<meta property=\"og:image:type\" content=\"image\/jpeg\" \/>\n<meta name=\"twitter:card\" content=\"summary_large_image\" \/>\n<meta name=\"twitter:label1\" content=\"Tempo di lettura stimato\" \/>\n\t<meta name=\"twitter:data1\" content=\"2 minuti\" \/>\n<script type=\"application\/ld+json\" class=\"yoast-schema-graph\">{\"@context\":\"https:\\\/\\\/schema.org\",\"@graph\":[{\"@type\":\"WebPage\",\"@id\":\"https:\\\/\\\/blog.ristofast.com\\\/it\\\/blog-ristofast-shop-online\\\/ricette-ristofast\\\/\",\"url\":\"https:\\\/\\\/blog.ristofast.com\\\/it\\\/blog-ristofast-shop-online\\\/ricette-ristofast\\\/\",\"name\":\"Ricette Ristofast per chef provenienti da tutto il mondo- Ristofast .com\",\"isPartOf\":{\"@id\":\"https:\\\/\\\/blog.ristofast.com\\\/it\\\/#website\"},\"primaryImageOfPage\":{\"@id\":\"https:\\\/\\\/blog.ristofast.com\\\/it\\\/blog-ristofast-shop-online\\\/ricette-ristofast\\\/#primaryimage\"},\"image\":{\"@id\":\"https:\\\/\\\/blog.ristofast.com\\\/it\\\/blog-ristofast-shop-online\\\/ricette-ristofast\\\/#primaryimage\"},\"thumbnailUrl\":\"https:\\\/\\\/blog.ristofast.com\\\/wp-content\\\/uploads\\\/2023\\\/04\\\/shutterstock_1747725734.jpg\",\"datePublished\":\"2021-02-15T08:58:22+00:00\",\"dateModified\":\"2023-12-06T10:45:09+00:00\",\"description\":\"Ricette Ristofast per chef. Trova ricette provenienti da tutto il mondo, e anche i classici della tradizione. Seguici su ristofast.com\",\"breadcrumb\":{\"@id\":\"https:\\\/\\\/blog.ristofast.com\\\/it\\\/blog-ristofast-shop-online\\\/ricette-ristofast\\\/#breadcrumb\"},\"inLanguage\":\"it-IT\",\"potentialAction\":[{\"@type\":\"ReadAction\",\"target\":[\"https:\\\/\\\/blog.ristofast.com\\\/it\\\/blog-ristofast-shop-online\\\/ricette-ristofast\\\/\"]}]},{\"@type\":\"ImageObject\",\"inLanguage\":\"it-IT\",\"@id\":\"https:\\\/\\\/blog.ristofast.com\\\/it\\\/blog-ristofast-shop-online\\\/ricette-ristofast\\\/#primaryimage\",\"url\":\"https:\\\/\\\/blog.ristofast.com\\\/wp-content\\\/uploads\\\/2023\\\/04\\\/shutterstock_1747725734.jpg\",\"contentUrl\":\"https:\\\/\\\/blog.ristofast.com\\\/wp-content\\\/uploads\\\/2023\\\/04\\\/shutterstock_1747725734.jpg\",\"width\":900,\"height\":900,\"caption\":\"Ricetta Ristofast: Piatto di Carbonara\"},{\"@type\":\"BreadcrumbList\",\"@id\":\"https:\\\/\\\/blog.ristofast.com\\\/it\\\/blog-ristofast-shop-online\\\/ricette-ristofast\\\/#breadcrumb\",\"itemListElement\":[{\"@type\":\"ListItem\",\"position\":1,\"name\":\"Home\",\"item\":\"https:\\\/\\\/blog.ristofast.com\\\/it\\\/\"},{\"@type\":\"ListItem\",\"position\":2,\"name\":\"BLOG Ristofast: Shop Online\",\"item\":\"https:\\\/\\\/blog.ristofast.com\\\/it\\\/\"},{\"@type\":\"ListItem\",\"position\":3,\"name\":\"Ricette Ristofast\"}]},{\"@type\":\"WebSite\",\"@id\":\"https:\\\/\\\/blog.ristofast.com\\\/it\\\/#website\",\"url\":\"https:\\\/\\\/blog.ristofast.com\\\/it\\\/\",\"name\":\"Ristofast\",\"description\":\"\",\"publisher\":{\"@id\":\"https:\\\/\\\/blog.ristofast.com\\\/it\\\/#organization\"},\"potentialAction\":[{\"@type\":\"SearchAction\",\"target\":{\"@type\":\"EntryPoint\",\"urlTemplate\":\"https:\\\/\\\/blog.ristofast.com\\\/it\\\/?s={search_term_string}\"},\"query-input\":{\"@type\":\"PropertyValueSpecification\",\"valueRequired\":true,\"valueName\":\"search_term_string\"}}],\"inLanguage\":\"it-IT\"},{\"@type\":\"Organization\",\"@id\":\"https:\\\/\\\/blog.ristofast.com\\\/it\\\/#organization\",\"name\":\"Ristofast\",\"url\":\"https:\\\/\\\/blog.ristofast.com\\\/it\\\/\",\"logo\":{\"@type\":\"ImageObject\",\"inLanguage\":\"it-IT\",\"@id\":\"https:\\\/\\\/blog.ristofast.com\\\/it\\\/#\\\/schema\\\/logo\\\/image\\\/\",\"url\":\"https:\\\/\\\/blog.ristofast.com\\\/wp-content\\\/uploads\\\/2021\\\/02\\\/cropped-ristofast-logo-1588843429.png\",\"contentUrl\":\"https:\\\/\\\/blog.ristofast.com\\\/wp-content\\\/uploads\\\/2021\\\/02\\\/cropped-ristofast-logo-1588843429.png\",\"width\":354,\"height\":80,\"caption\":\"Ristofast\"},\"image\":{\"@id\":\"https:\\\/\\\/blog.ristofast.com\\\/it\\\/#\\\/schema\\\/logo\\\/image\\\/\"}}]}<\/script>\n<!-- \/ Yoast SEO plugin. -->","yoast_head_json":{"title":"Ricette Ristofast per chef provenienti da tutto il mondo- Ristofast .com","description":"Ricette Ristofast per chef. Trova ricette provenienti da tutto il mondo, e anche i classici della tradizione. Seguici su ristofast.com","robots":{"index":"index","follow":"follow","max-snippet":"max-snippet:-1","max-image-preview":"max-image-preview:large","max-video-preview":"max-video-preview:-1"},"canonical":"https:\/\/blog.ristofast.com\/it\/blog-ristofast-shop-online\/ricette-ristofast\/","og_locale":"it_IT","og_type":"article","og_title":"Ricette Ristofast per chef provenienti da tutto il mondo- Ristofast .com","og_description":"Ricette Ristofast per chef. Trova ricette provenienti da tutto il mondo, e anche i classici della tradizione. Seguici su ristofast.com","og_url":"https:\/\/blog.ristofast.com\/it\/blog-ristofast-shop-online\/ricette-ristofast\/","og_site_name":"Ristofast","article_modified_time":"2023-12-06T10:45:09+00:00","og_image":[{"width":900,"height":900,"url":"https:\/\/blog.ristofast.com\/wp-content\/uploads\/2023\/04\/shutterstock_1747725734.jpg","type":"image\/jpeg"}],"twitter_card":"summary_large_image","twitter_misc":{"Tempo di lettura stimato":"2 minuti"},"schema":{"@context":"https:\/\/schema.org","@graph":[{"@type":"WebPage","@id":"https:\/\/blog.ristofast.com\/it\/blog-ristofast-shop-online\/ricette-ristofast\/","url":"https:\/\/blog.ristofast.com\/it\/blog-ristofast-shop-online\/ricette-ristofast\/","name":"Ricette Ristofast per chef provenienti da tutto il mondo- Ristofast .com","isPartOf":{"@id":"https:\/\/blog.ristofast.com\/it\/#website"},"primaryImageOfPage":{"@id":"https:\/\/blog.ristofast.com\/it\/blog-ristofast-shop-online\/ricette-ristofast\/#primaryimage"},"image":{"@id":"https:\/\/blog.ristofast.com\/it\/blog-ristofast-shop-online\/ricette-ristofast\/#primaryimage"},"thumbnailUrl":"https:\/\/blog.ristofast.com\/wp-content\/uploads\/2023\/04\/shutterstock_1747725734.jpg","datePublished":"2021-02-15T08:58:22+00:00","dateModified":"2023-12-06T10:45:09+00:00","description":"Ricette Ristofast per chef. Trova ricette provenienti da tutto il mondo, e anche i classici della tradizione. Seguici su ristofast.com","breadcrumb":{"@id":"https:\/\/blog.ristofast.com\/it\/blog-ristofast-shop-online\/ricette-ristofast\/#breadcrumb"},"inLanguage":"it-IT","potentialAction":[{"@type":"ReadAction","target":["https:\/\/blog.ristofast.com\/it\/blog-ristofast-shop-online\/ricette-ristofast\/"]}]},{"@type":"ImageObject","inLanguage":"it-IT","@id":"https:\/\/blog.ristofast.com\/it\/blog-ristofast-shop-online\/ricette-ristofast\/#primaryimage","url":"https:\/\/blog.ristofast.com\/wp-content\/uploads\/2023\/04\/shutterstock_1747725734.jpg","contentUrl":"https:\/\/blog.ristofast.com\/wp-content\/uploads\/2023\/04\/shutterstock_1747725734.jpg","width":900,"height":900,"caption":"Ricetta Ristofast: Piatto di Carbonara"},{"@type":"BreadcrumbList","@id":"https:\/\/blog.ristofast.com\/it\/blog-ristofast-shop-online\/ricette-ristofast\/#breadcrumb","itemListElement":[{"@type":"ListItem","position":1,"name":"Home","item":"https:\/\/blog.ristofast.com\/it\/"},{"@type":"ListItem","position":2,"name":"BLOG Ristofast: Shop Online","item":"https:\/\/blog.ristofast.com\/it\/"},{"@type":"ListItem","position":3,"name":"Ricette Ristofast"}]},{"@type":"WebSite","@id":"https:\/\/blog.ristofast.com\/it\/#website","url":"https:\/\/blog.ristofast.com\/it\/","name":"Ristofast","description":"","publisher":{"@id":"https:\/\/blog.ristofast.com\/it\/#organization"},"potentialAction":[{"@type":"SearchAction","target":{"@type":"EntryPoint","urlTemplate":"https:\/\/blog.ristofast.com\/it\/?s={search_term_string}"},"query-input":{"@type":"PropertyValueSpecification","valueRequired":true,"valueName":"search_term_string"}}],"inLanguage":"it-IT"},{"@type":"Organization","@id":"https:\/\/blog.ristofast.com\/it\/#organization","name":"Ristofast","url":"https:\/\/blog.ristofast.com\/it\/","logo":{"@type":"ImageObject","inLanguage":"it-IT","@id":"https:\/\/blog.ristofast.com\/it\/#\/schema\/logo\/image\/","url":"https:\/\/blog.ristofast.com\/wp-content\/uploads\/2021\/02\/cropped-ristofast-logo-1588843429.png","contentUrl":"https:\/\/blog.ristofast.com\/wp-content\/uploads\/2021\/02\/cropped-ristofast-logo-1588843429.png","width":354,"height":80,"caption":"Ristofast"},"image":{"@id":"https:\/\/blog.ristofast.com\/it\/#\/schema\/logo\/image\/"}}]}},"_links":{"self":[{"href":"https:\/\/blog.ristofast.com\/it\/wp-json\/wp\/v2\/pages\/18","targetHints":{"allow":["GET"]}}],"collection":[{"href":"https:\/\/blog.ristofast.com\/it\/wp-json\/wp\/v2\/pages"}],"about":[{"href":"https:\/\/blog.ristofast.com\/it\/wp-json\/wp\/v2\/types\/page"}],"author":[{"embeddable":true,"href":"https:\/\/blog.ristofast.com\/it\/wp-json\/wp\/v2\/users\/2"}],"replies":[{"embeddable":true,"href":"https:\/\/blog.ristofast.com\/it\/wp-json\/wp\/v2\/comments?post=18"}],"version-history":[{"count":5,"href":"https:\/\/blog.ristofast.com\/it\/wp-json\/wp\/v2\/pages\/18\/revisions"}],"predecessor-version":[{"id":1218,"href":"https:\/\/blog.ristofast.com\/it\/wp-json\/wp\/v2\/pages\/18\/revisions\/1218"}],"up":[{"embeddable":true,"href":"https:\/\/blog.ristofast.com\/it\/wp-json\/wp\/v2\/pages\/2"}],"wp:featuredmedia":[{"embeddable":true,"href":"https:\/\/blog.ristofast.com\/it\/wp-json\/wp\/v2\/media\/1066"}],"wp:attachment":[{"href":"https:\/\/blog.ristofast.com\/it\/wp-json\/wp\/v2\/media?parent=18"}],"curies":[{"name":"wp","href":"https:\/\/api.w.org\/{rel}","templated":true}]}}